{"id":31,"date":"2020-05-30T11:10:59","date_gmt":"2020-05-30T14:10:59","guid":{"rendered":"https:\/\/linvi.unp.edu.ar\/?page_id=31"},"modified":"2020-05-30T11:11:02","modified_gmt":"2020-05-30T14:11:02","slug":"principios","status":"publish","type":"page","link":"https:\/\/linvi.unp.edu.ar\/index.php\/principios\/","title":{"rendered":"Principios"},"content":{"rendered":"\n<ul class=\"wp-block-list\"><li>Promovemos la investigaci\u00f3n en inform\u00e1tica aplicada a la resoluci\u00f3n de problemas sociales, ambientales y productivos.<\/li><li>Aceptamos los desaf\u00edos espont\u00e1neos y genuinos concebidos por actores de la sociedad.<\/li><li>Promovemos la transferencia tecnol\u00f3gica que fortalezca el desarrollo genuino.<\/li><li>Impulsamos la participaci\u00f3n gradual y comprometida de estudiantes en nuestros proyectos.<\/li><li>Abogamos por vinculaciones no utilitaristas con pares en una relaci\u00f3n de mutuo crecimiento.<\/li><li>Valoramos la inter y la trans disciplinariedad.<\/li><li>Confiamos m\u00e1s en publicar nuestro trabajo, que en trabajar para publicar.<\/li><\/ul>\n","protected":false},"excerpt":{"rendered":"<p>Promovemos la investigaci\u00f3n en inform\u00e1tica aplicada a la resoluci\u00f3n de problemas sociales, ambientales y productivos. Aceptamos los desaf\u00edos espont\u00e1neos y genuinos concebidos por actores de la sociedad. Promovemos la transferencia tecnol\u00f3gica que fortalezca el desarrollo genuino. Impulsamos la participaci\u00f3n gradual y comprometida de estudiantes en nuestros proyectos. Abogamos por vinculaciones no utilitaristas con pares en &#8230; <a title=\"Principios\" class=\"read-more\" href=\"https:\/\/linvi.unp.edu.ar\/index.php\/principios\/\" aria-label=\"Leer m\u00e1s sobre Principios\">Leer m\u00e1s<\/a><\/p>\n","protected":false},"author":2,"featured_media":0,"parent":0,"menu_order":0,"comment_status":"closed","ping_status":"closed","template":"","meta":{"_acf_changed":false,"footnotes":""},"class_list":["post-31","page","type-page","status-publish"],"acf":[],"_links":{"self":[{"href":"https:\/\/linvi.unp.edu.ar\/index.php\/wp-json\/wp\/v2\/pages\/31","targetHints":{"allow":["GET"]}}],"collection":[{"href":"https:\/\/linvi.unp.edu.ar\/index.php\/wp-json\/wp\/v2\/pages"}],"about":[{"href":"https:\/\/linvi.unp.edu.ar\/index.php\/wp-json\/wp\/v2\/types\/page"}],"author":[{"embeddable":true,"href":"https:\/\/linvi.unp.edu.ar\/index.php\/wp-json\/wp\/v2\/users\/2"}],"replies":[{"embeddable":true,"href":"https:\/\/linvi.unp.edu.ar\/index.php\/wp-json\/wp\/v2\/comments?post=31"}],"version-history":[{"count":1,"href":"https:\/\/linvi.unp.edu.ar\/index.php\/wp-json\/wp\/v2\/pages\/31\/revisions"}],"predecessor-version":[{"id":32,"href":"https:\/\/linvi.unp.edu.ar\/index.php\/wp-json\/wp\/v2\/pages\/31\/revisions\/32"}],"wp:attachment":[{"href":"https:\/\/linvi.unp.edu.ar\/index.php\/wp-json\/wp\/v2\/media?parent=31"}],"curies":[{"name":"wp","href":"https:\/\/api.w.org\/{rel}","templated":true}]}}